{"id":383,"date":"2014-10-01T09:21:38","date_gmt":"2014-10-01T09:21:38","guid":{"rendered":"https:\/\/casenrecordati.com\/?page_id=383"},"modified":"2025-06-27T12:45:55","modified_gmt":"2025-06-27T10:45:55","slug":"factory","status":"publish","type":"page","link":"https:\/\/casenrecordati.com\/en\/company\/factory\/","title":{"rendered":"Factory"},"content":{"rendered":"<p>Our Factory is located in Utebo, Zaragoza: Autov\u00eda de Logro\u00f1o (Logro\u00f1o motorway), km. 13.300.<\/p>\n<p><iframe loading=\"lazy\" src=\"\/\/www.youtube.com\/embed\/0bWRLkgT1xY?rel=0&amp;showinfo=0\" width=\"560\" height=\"315\" frameborder=\"0\" allowfullscreen=\"allowfullscreen\"><\/iframe><\/p>\n<p>The production plant in Zaragoza was opened in 1998. Currently it is provided with an area of 23,000m2 and built 8,350m2. In 2007, in order to integrate an area of research and development of new products, expansion work resulted in a new, fully equipped building with the latest technology available in the market.<\/p>\n<p>The plant in Utebo (Zaragoza) has been authorized for the production of pharmaceutical products , health devices and food supplements, among others.<\/p>\n<p>With certification of good manufacturing practice for medicinal products (GMP&#8217;s) and meeting, therefore, both Spanish and European legislation and WHO recommendations. The facilities meet Grade D in accordance with the European directive 91\/356 EEC and class 100,000 according to the 209E USA federal standard on clean rooms. Similarly, the facilities comply with current legislation on energy consumption, CO2 emissions and waste management.<\/p>\n<p>The plant is inspected regularly by the pharmaceutical inspection services of the Spanish Agency of Medicines and Diputaci\u00f3n General de Arag\u00f3n (the General Council of Arag\u00f3n) (DGA).<\/p>\n<p><img loading=\"lazy\" decoding=\"async\" class=\" static-page-img aligncenter wp-image-2143\" src=\"https:\/\/casenrecordati.com\/wp-content\/uploads\/Compania6-1-1024x682-copia.jpg\" alt=\"\" width=\"682\" height=\"454\" srcset=\"https:\/\/casenrecordati.com\/wp-content\/uploads\/Compania6-1-1024x682-copia.jpg 1024w, https:\/\/casenrecordati.com\/wp-content\/uploads\/Compania6-1-1024x682-copia-300x199.jpg 300w, https:\/\/casenrecordati.com\/wp-content\/uploads\/Compania6-1-1024x682-copia-624x415.jpg 624w\" sizes=\"auto, (max-width: 682px) 100vw, 682px\" \/><\/p>\n<h2>Third party Manufacturing<\/h2>\n<p>A large part of this plant\u2019s production is executed for third parties, and more than 50% of the units produced are manufactured for export.<br \/>\n<strong>We are specialized in the production of<\/strong><\/p>\n<p>Oral, rectal, topical and other solutions.<br \/>\nSemi-solids: Soaps, emulsions, gels, etc.<br \/>\nSolids: Elaboration of mixtures for subsequent packaging in sachets.<\/p>\n<p>We are also specialized in packaging in plastic bottles, sachets, plastic or aluminium tubes and special containers.<\/p>\n<p><img loading=\"lazy\" decoding=\"async\" class=\"aligncenter size-full wp-image-581  static-page-img\" src=\"https:\/\/casenrecordati.com\/wp-content\/uploads\/fabrica2.jpg\" alt=\"fabrica2\" width=\"540\" height=\"120\" srcset=\"https:\/\/casenrecordati.com\/wp-content\/uploads\/fabrica2.jpg 540w, https:\/\/casenrecordati.com\/wp-content\/uploads\/fabrica2-300x66.jpg 300w\" sizes=\"auto, (max-width: 540px) 100vw, 540px\" \/><\/p>\n","protected":false},"excerpt":{"rendered":"<p>Our Factory is located in Utebo, Zaragoza: Autov\u00eda de Logro\u00f1o (Logro\u00f1o motorway), km. 13.300. The production plant in [&hellip;]<\/p>\n","protected":false},"author":2,"featured_media":0,"parent":371,"menu_order":0,"comment_status":"closed","ping_status":"closed","template":"","meta":{"footnotes":""},"class_list":["post-383","page","type-page","status-publish","hentry"],"aioseo_notices":[],"_links":{"self":[{"href":"https:\/\/casenrecordati.com\/en\/wp-json\/wp\/v2\/pages\/383","targetHints":{"allow":["GET"]}}],"collection":[{"href":"https:\/\/casenrecordati.com\/en\/wp-json\/wp\/v2\/pages"}],"about":[{"href":"https:\/\/casenrecordati.com\/en\/wp-json\/wp\/v2\/types\/page"}],"author":[{"embeddable":true,"href":"https:\/\/casenrecordati.com\/en\/wp-json\/wp\/v2\/users\/2"}],"replies":[{"embeddable":true,"href":"https:\/\/casenrecordati.com\/en\/wp-json\/wp\/v2\/comments?post=383"}],"version-history":[{"count":1,"href":"https:\/\/casenrecordati.com\/en\/wp-json\/wp\/v2\/pages\/383\/revisions"}],"predecessor-version":[{"id":8820,"href":"https:\/\/casenrecordati.com\/en\/wp-json\/wp\/v2\/pages\/383\/revisions\/8820"}],"up":[{"embeddable":true,"href":"https:\/\/casenrecordati.com\/en\/wp-json\/wp\/v2\/pages\/371"}],"wp:attachment":[{"href":"https:\/\/casenrecordati.com\/en\/wp-json\/wp\/v2\/media?parent=383"}],"curies":[{"name":"wp","href":"https:\/\/api.w.org\/{rel}","templated":true}]}}