{"id":3968,"date":"2016-06-08T17:34:12","date_gmt":"2016-06-08T15:34:12","guid":{"rendered":"https:\/\/casenrecordati.com\/en\/company\/transparencia\/"},"modified":"2025-06-27T12:48:30","modified_gmt":"2025-06-27T10:48:30","slug":"transparency","status":"publish","type":"page","link":"https:\/\/casenrecordati.com\/en\/transparency\/","title":{"rendered":"Transparency"},"content":{"rendered":"<h2>Compromiso Casen Recordati con la transparencia en la colaboraci\u00f3n con profesionales sanitarios<\/h2>\n<p>La relaci\u00f3n entre la Industria Farmac\u00e9utica y la comunidad m\u00e9dico-cient\u00edfica es leg\u00edtima y necesaria para mejorar la esperanza y calidad de vida de los pacientes a trav\u00e9s del avance cient\u00edfico, generando un importante valor social. Desde hace casi 25 a\u00f1os, el marco de colaboraci\u00f3n entre industria y profesionales sanitarios se realiza siguiendo los mecanismos estipulados bajo estrictos principios \u00e9ticos de profesionalidad y responsabilidad, recogidos en el C\u00f3digo de Buenas Pr\u00e1cticas de la Industria Farmac\u00e9utica y asumidos voluntariamente por Casen Recordati. <\/p>\n<p>Casen Recordati, como laboratorio farmac\u00e9utico adherido a FARMAINDUSTRIA, da un paso m\u00e1s haciendo p\u00fablicos los datos de las transferencias de valor realizadas a los Profesionales Sanitarios y organizaciones que los representan (donaciones, actividades formativas, reuniones cient\u00edfico-profesionales y prestaci\u00f3n de servicios profesionales).<\/p>\n<p>A trav\u00e9s de este ejercicio, Casen Recordati refuerza la independencia de los Profesionales Sanitarios, genera un marco de transparencia que garantiza la trazabilidad en las interrelaciones y pone en valor el trabajo conjunto de industria y profesionales ante los pacientes y el conjunto de la sociedad.<\/p>\n<div class=\"section group\">\n<div class=\"col span_1_of_2 destacado\"><a href=\"https:\/\/casenrecordati.com\/en\/company\/transferencias-de-valor-2015\/\">Transferencias de valor<\/a><\/div>\n<div class=\"col span_1_of_2 destacado\"><a href=\"https:\/\/casenrecordati.com\/en\/company\/nota-metodologica\/\">Nota Metodol\u00f3gica<\/a><\/div>\n<\/div>\n","protected":false},"excerpt":{"rendered":"<p>Compromiso Casen Recordati con la transparencia en la colaboraci\u00f3n con profesionales sanitarios La relaci\u00f3n entre la Industria Farmac\u00e9utica [&hellip;]<\/p>\n","protected":false},"author":2,"featured_media":0,"parent":0,"menu_order":0,"comment_status":"closed","ping_status":"closed","template":"","meta":{"footnotes":""},"class_list":["post-3968","page","type-page","status-publish","hentry"],"aioseo_notices":[],"_links":{"self":[{"href":"https:\/\/casenrecordati.com\/en\/wp-json\/wp\/v2\/pages\/3968","targetHints":{"allow":["GET"]}}],"collection":[{"href":"https:\/\/casenrecordati.com\/en\/wp-json\/wp\/v2\/pages"}],"about":[{"href":"https:\/\/casenrecordati.com\/en\/wp-json\/wp\/v2\/types\/page"}],"author":[{"embeddable":true,"href":"https:\/\/casenrecordati.com\/en\/wp-json\/wp\/v2\/users\/2"}],"replies":[{"embeddable":true,"href":"https:\/\/casenrecordati.com\/en\/wp-json\/wp\/v2\/comments?post=3968"}],"version-history":[{"count":1,"href":"https:\/\/casenrecordati.com\/en\/wp-json\/wp\/v2\/pages\/3968\/revisions"}],"predecessor-version":[{"id":8824,"href":"https:\/\/casenrecordati.com\/en\/wp-json\/wp\/v2\/pages\/3968\/revisions\/8824"}],"wp:attachment":[{"href":"https:\/\/casenrecordati.com\/en\/wp-json\/wp\/v2\/media?parent=3968"}],"curies":[{"name":"wp","href":"https:\/\/api.w.org\/{rel}","templated":true}]}}