{"id":478,"date":"2014-10-01T12:11:18","date_gmt":"2014-10-01T12:11:18","guid":{"rendered":"https:\/\/casenrecordati.com\/?page_id=478"},"modified":"2014-10-27T09:12:04","modified_gmt":"2014-10-27T09:12:04","slug":"bibliography","status":"publish","type":"page","link":"https:\/\/casenrecordati.com\/en\/services\/bibliography\/","title":{"rendered":"Bibliography Database"},"content":{"rendered":"<p>CASEN RECORDARTI, en su esfuerzo por mejorar su labor asistencial, le ofrece su servicio bibliogr\u00e1fico dirigido a profesionales sanitarios cuya actividad est\u00e9 enfocada a nuestras \u00e1reas terap\u00e9uticas: Gastroenterolog\u00eda, Pedriatr\u00eda, Ginecolog\u00eda y Urolog\u00eda.<\/p>\n<p>Queremos ofrecerle la informaci\u00f3n m\u00e1s relevante y actual publicada en revistas m\u00e9dicas profesionales.<br \/>\nTodos los links cuentan con un resumen en castellano y acceso a la fuente original a trav\u00e9s de la revista o abstract si estuviera disponible.<\/p>\n<p>&nbsp;<\/p>\n<div class=\"biblio-wrap\">\n<div class=\"section goup\">\n<div class=\"span_1_of_4 col\" style=\"text-align: center;\"><img loading=\"lazy\" decoding=\"async\" class=\"aligncenter size-full wp-image-661\" src=\"https:\/\/casenrecordati.com\/wp-content\/uploads\/bilbio-cardio.png\" alt=\"bilbio-cardio\" width=\"92\" height=\"85\" \/><\/p>\n<h2>Cardiology<\/h2>\n<\/div>\n<div class=\"span_1_of_4 col\" style=\"text-align: center;\"><img loading=\"lazy\" decoding=\"async\" class=\"aligncenter size-full wp-image-662\" src=\"https:\/\/casenrecordati.com\/wp-content\/uploads\/biblio-gastroent.png\" alt=\"biblio-gastroent\" width=\"92\" height=\"85\" \/><\/p>\n<h2>Gastroenterology<\/h2>\n<\/div>\n<div class=\"span_1_of_4 col\"><img loading=\"lazy\" decoding=\"async\" class=\"aligncenter size-full wp-image-661\" src=\"https:\/\/casenrecordati.com\/wp-content\/uploads\/biblio-pediatria.png\" alt=\"bilbio-cardio\" width=\"92\" height=\"85\" \/><\/p>\n<h2 style=\"text-align: center;\">Pediatrics<\/h2>\n<\/div>\n<div class=\"span_1_of_4 col\"><img loading=\"lazy\" decoding=\"async\" class=\"aligncenter size-full wp-image-661\" src=\"https:\/\/casenrecordati.com\/wp-content\/uploads\/urologia.png\" alt=\"\" width=\"92\" height=\"85\" \/><\/p>\n<h2 style=\"text-align: center;\">Urology<\/h2>\n<\/div>\n<\/div>\n<\/div>\n","protected":false},"excerpt":{"rendered":"<p>CASEN RECORDARTI, en su esfuerzo por mejorar su labor asistencial, le ofrece su servicio bibliogr\u00e1fico dirigido a profesionales [&hellip;]<\/p>\n","protected":false},"author":2,"featured_media":0,"parent":402,"menu_order":0,"comment_status":"closed","ping_status":"closed","template":"","meta":{"footnotes":""},"class_list":["post-478","page","type-page","status-publish","hentry"],"aioseo_notices":[],"_links":{"self":[{"href":"https:\/\/casenrecordati.com\/en\/wp-json\/wp\/v2\/pages\/478","targetHints":{"allow":["GET"]}}],"collection":[{"href":"https:\/\/casenrecordati.com\/en\/wp-json\/wp\/v2\/pages"}],"about":[{"href":"https:\/\/casenrecordati.com\/en\/wp-json\/wp\/v2\/types\/page"}],"author":[{"embeddable":true,"href":"https:\/\/casenrecordati.com\/en\/wp-json\/wp\/v2\/users\/2"}],"replies":[{"embeddable":true,"href":"https:\/\/casenrecordati.com\/en\/wp-json\/wp\/v2\/comments?post=478"}],"version-history":[{"count":0,"href":"https:\/\/casenrecordati.com\/en\/wp-json\/wp\/v2\/pages\/478\/revisions"}],"up":[{"embeddable":true,"href":"https:\/\/casenrecordati.com\/en\/wp-json\/wp\/v2\/pages\/402"}],"wp:attachment":[{"href":"https:\/\/casenrecordati.com\/en\/wp-json\/wp\/v2\/media?parent=478"}],"curies":[{"name":"wp","href":"https:\/\/api.w.org\/{rel}","templated":true}]}}